{"id":2614,"date":"2019-03-26T15:03:42","date_gmt":"2019-03-26T14:03:42","guid":{"rendered":"https:\/\/www.amaspa.com\/informativa-privacy\/"},"modified":"2019-03-26T15:05:16","modified_gmt":"2019-03-26T14:05:16","slug":"informativa-privacy","status":"publish","type":"page","link":"https:\/\/www.amaspa.com\/it\/informativa-privacy\/","title":{"rendered":"Informativa Privacy"},"content":{"rendered":"<ol>\r\n \t<li><strong>INTRODUZIONE <\/strong><\/li>\r\n<\/ol>\r\nAMA SPA (\u00abd&#8217;ora in avanti semplicemente AMA\u00bb), con sede in Casale sul Sile, Via Torre,16 C.F. e P.I. 01971680267 che pu\u00f2 essere contattata via mail all\u2019indirizzo mail info@amaspa.com, tratter\u00e0 i dati personali forniti dal cliente in connessione con il contratto o ottenuti in altro modo nel contesto della relazione contrattuale (inclusa la fase precontrattuale) (\u00abContratto\u00bb) per la fornitura di servizi e prodotti richiesti dal Cliente ed inclusi nel Contratto (\u00aboggetto del contratto\u00bb) e le altre attivit\u00e0 e servizi agli stessi collegati, a meno che non sia fornita nel contesto degli stessi una diversa informativa sul trattamento dei dati personali.\r\n\r\n<strong>\u00a0<\/strong>\r\n<ol start=\"2\">\r\n \t<li><strong>A CHI E A CHE COSA SI APPLICA QUESTA INFORMATIVA PRIVACY? <\/strong><\/li>\r\n<\/ol>\r\nAMA \u00e8 il titolare del trattamento con riferimento ai dati personali, ottenuti dal Cliente attraverso i Servizi e le attivit\u00e0 sopra indicate, che vengono trattati nel rispetto dei termini di questa Informativa e della normativa applicabile. Conseguentemente questa Informativa si applica a tutti i Clienti.\r\n\r\n<strong>\u00a0<\/strong>\r\n<ol start=\"3\">\r\n \t<li><strong>CHE TIPO DI DATI PERSONALI DEGLI UTENTI SONO RACCOLTI DA AMA? <\/strong><\/li>\r\n<\/ol>\r\nAMA raccoglie le seguenti categorie di dati personali:\r\n<ol>\r\n \t<li>La denominazione del cliente, la mail, il numero di telefono, indirizzo della sede legale, indirizzo di consegna della merce, indirizzo di fatturazione);<\/li>\r\n \t<li>Codice fiscale e la partita iva;<\/li>\r\n \t<li>Documento d\u2019identit\u00e0 (carta d\u2019identit\u00e0, passaporto, o patente);<\/li>\r\n \t<li>Dati bancari.<\/li>\r\n<\/ol>\r\n&nbsp;\r\n<ol start=\"4\">\r\n \t<li><strong>COME VENGONO UTILIZZATI I DATI PERSONALI DEI CLIENTI? <\/strong><\/li>\r\n<\/ol>\r\nAMA tratta i dati personali dei Clienti per le seguenti finalit\u00e0:\r\n\r\na) per la fornitura dei Prodotti e Servizi risultanti dal Contratto;\r\n\r\nb) per l\u2019analisi ed il miglioramento dei Servizi;\r\n\r\nc) per la gestione di reclami e controversie;\r\n\r\nd) per far valere e difendere i propri diritti, anche nell\u2019ambito di procedure di recupero crediti e di assegnazione dei crediti a societ\u00e0 autorizzate, anche attraverso terze parti;\r\n\r\ne) per portare a termine una potenziale fusione, cessione di beni, cessione d\u2019azienda o di ramo d\u2019azienda divulgando e trasferendo i dati personali del Cliente alla\/e terza\/e parte\/i coinvolta\/e;\r\n\r\nf) con il preventivo consenso dell\u2019Utente, per l\u2019invio di comunicazioni di marketing sui prodotti e servizi offerti da AMA (ad esempio tramite l\u2019invio di materiale pubblicitario, l\u2019esecuzione di ricerche di mercato). Le comunicazioni di marketing possono essere inviate sia tramite strumenti di comunicazione tradizionale quali la posta cartacea o la telefonata da parte di un operatore che tramite strumenti di comunicazione automatizzati quali email, chat, SMS, MMS, videochiamata, chiamata automatica, instant message, chatbot, sistemi intelligenti di comunicazione automatizzata interattiva, banner, sistemi di notifica e altri strumenti di comunicazione a distanza;\r\n\r\n&nbsp;\r\n<ol start=\"5\">\r\n \t<li><strong>QUALI SONO LE BASI LEGALI DEL TRATTAMENTO DEI DATI PERSONALI EFFETTUATO DA AMA?<\/strong><\/li>\r\n<\/ol>\r\nIl trattamento dei dati personali del Cliente \u00e8 necessario con riferimento alle Finalit\u00e0 Contrattuali data la sua essenzialit\u00e0 al fine di:\r\n<ul>\r\n \t<li>dare esecuzione al Contratto con riferimento alla fornitura dei Beni e Servizi richiesti;<\/li>\r\n \t<li>adeguarsi alle disposizioni della normativa applica-bile.<\/li>\r\n<\/ul>\r\nQualora il Cliente non fornisse i dati personali necessari per le Finalit\u00e0 Contrattuali, non sar\u00e0 possibile procedere alla stipula del Contratto da parte di AMA\r\n\r\nIl trattamento dei dati personali dell\u2019Utente per le Finalit\u00e0 di Interesse Legittimo \u00e8 effettuato ai sensi dell\u2019articolo 24, comma 1, lettera d) del Decreto Legislativo 196\/2003 (\u00abCodice Privacy\u00bb) e, con decorrenza dal 25 maggio 2018, ai sensi dell\u2019articolo 6, lettera f), del Regolamento europeo generale sulla Protezione dei Dati 2016\/679 (il \u00abRegolamento Privacy\u00bb) per il perseguimento dell\u2019interesse legittimo di AMA che \u00e8 equamente bilanciato con l\u2019interesse del Cliente, in quanto l\u2019attivit\u00e0 di trattamento dei dati personali \u00e8 limitata a quanto strettamente necessario per l\u2019esecuzione delle operazioni economiche richieste e delle prestazioni dedotte in Contratto.\r\n\r\nIl trattamento per le Finalit\u00e0 di Interesse Legittimo non \u00e8 obbligatorio e il Cliente potr\u00e0 opporsi a detto trattamento con le modalit\u00e0 di cui alla successiva Sezione 9, ma qualora il Cliente si opponesse a detto trattamento i suoi dati non potranno essere utilizzati per le Finalit\u00e0 di Interesse Legittimo.\r\n\r\nInfine, il trattamento \u00e8 facoltativo per le Finalit\u00e0 di Marketing. Qualora il Cliente neghi il suo consenso non potr\u00e0 ricevere le comunicazioni commerciali previste. In qualsiasi momento, il Cliente potr\u00e0 revocare i consensi eventualmente prestati secondo le modalit\u00e0 di cui alla successiva Sezione 9 della presente Informativa Privacy.\r\n\r\n&nbsp;\r\n<ol start=\"6\">\r\n \t<li><strong>COME VENGONO TRATTATI I DATI PERSONALI DEI CLIENTI?<\/strong><\/li>\r\n<\/ol>\r\nI dati personali dei Clienti possono essere trattati con strumenti manuali o informatici, idonei a garantirne la sicurezza, la riservatezza e ad evitare accessi non autorizzati, diffusione, modifiche e sottrazioni dei dati grazie all\u2019adozione di adeguate misure di sicurezza tecniche, fisiche ed organizzative.\r\n\r\n<strong>\u00a0<\/strong>\r\n<ol start=\"7\">\r\n \t<li><strong>CHI PU\u00d2 AVERE ACCESSO AI DATI PERSONALI DEI CLIENTI?<\/strong><\/li>\r\n<\/ol>\r\nPer le Finalit\u00e0 Contrattuali di cui sopra, i dati personali dei Clienti possono essere trasferiti alle seguenti categorie di destinatari: (a) terzi fornitori di servizi di assistenza e consulenza per AMA con riferimento alle attivit\u00e0 dei settori (a titolo meramente esemplificativo) tecnologico, contabile, amministrativo, legale, assicurativo, IT; (b) banche ed istituti di emissione di carte di credito; (c) la rete commerciale (es. agenti, distributori) di AMA (f) soggetti ed autorit\u00e0 il cui diritto di accesso ai dati personali dei Clienti \u00e8 espressamente riconosciuto dalla legge, da regolamenti o da provvedimenti emanati dalle autorit\u00e0 competenti. Tali destinatari, a seconda delle circostanze, tratteranno i dati personali in qualit\u00e0 di titolari, responsabili o incaricati del trattamento.\r\n\r\nPer le Finalit\u00e0 di Interesse Legittimo di cui sopra, i dati personali degli Clienti possono essere trasferiti alle seguenti categorie di destinatari: a) terzi fornitori di servizi di assistenza e consulenza per AMA con riferimento alle attivit\u00e0 di recupero e cessione crediti; (b) potenziali acquirenti di AMA ed entit\u00e0 risultanti dalla fusione o ogni altra forma di trasformazione riguardante Iliad; (c) autorit\u00e0 competenti.\r\n\r\nPer le Finalit\u00e0 di Marketing di cui sopra, i dati personali degli Utenti possono essere trasferiti alle seguenti categorie di destinatari: (a) terzi fornitori di servizi di assistenza e consulenza AMA con riferimento alle attivit\u00e0 di invio delle comunicazioni commerciali;\r\n\r\nUna lista completa dei responsabili esterni \u00e8 reperibile, su richiesta, attraverso le modalit\u00e0 indicate alla Sezione 9 di seguito.\r\n\r\n<strong>\u00a0<\/strong>\r\n<ol start=\"8\">\r\n \t<li><strong>QUALI SONO I DIRITTI DEGLI UTENTI RIGUARDO I LORO DATI PERSONALI?<\/strong><\/li>\r\n<\/ol>\r\nL\u2019Utente pu\u00f2, in ogni momento e gratuitamente, mandando una mail all\u2019indirizzo privacy@amaspa.com, esercitare i seguenti diritti:\r\n\r\n(a) ottenere da AMA la conferma dell\u2019esistenza o meno di dati che lo riguardano ed essere informato circa il contenuto e la fonte dei dati, verificarne l\u2019accuratezza e richiederne l\u2019integrazione, aggiornamento o modifica;\r\n\r\n(b) ottenere la cancellazione, la trasformazione in forma anonima o il blocco dei dati eventualmente trattati in violazione della legge applicabile;\r\n\r\n(c) opporsi in tutto o in parte, per motivi legittimi, al trattamento;\r\n\r\n(d) revocare, in qualsiasi momento, il consenso al trattamento dei dati (in relazione ai trattamenti per cui tale consenso \u00e8 eventualmente necessario), senza che ci\u00f2 pregiudichi in alcun modo la liceit\u00e0 del trattamento basato sul consenso prestato prima della revoca.\r\n\r\n<strong>\u00a0<\/strong>\r\n<ol start=\"9\">\r\n \t<li><strong>TERMINI DI CONSERVAZIONE DEI DATI DEI CLIENTI<\/strong><\/li>\r\n<\/ol>\r\nI dati personali dei Clienti saranno conservati per il periodo di tempo necessario per il perseguimento delle finalit\u00e0 per cui tali dati sono stati raccolti, come affermato in questa Informativa. In ogni caso i seguenti termini di conservazione si applicheranno con riferimento ai trattamenti dei dati personali dei Clienti per le finalit\u00e0 riportate di seguito:\r\n<ol>\r\n \t<li>per le Finalit\u00e0 Contrattuali e di Interesse Legittimo i dati personali dei Clienti vengono conservati per un periodo pari alla durata del Contratto (ivi inclusi eventuali rinnovi) e per i 10 anni successivi al termine, risoluzione o recesso dello stesso, fatti salvi i casi in cui la conservazione per un periodo successivo sia richiesta per eventuali contenziosi, richieste delle autorit\u00e0 competenti o ai sensi della normativa applicabile;<\/li>\r\n \t<li>per le Finalit\u00e0 di Marketing relative all\u2019invio di comunicazioni commerciali e all\u2019esecuzione di ricerche di mercato della presente Informativa, i dati personali dei Clienti vengono conservati per la durata del Contratto e un periodo di 24 mesi successivo alla sua cessazione;<\/li>\r\n \t<li>per le Finalit\u00e0 di Marketing relative all\u2019analisi delle preferenze degli Clienti per finalit\u00e0 di marketing della presente Informativa, i dati personali degli Utenti vengono conservati per un periodo di 12 mesi dalla raccolta.<\/li>\r\n<\/ol>\r\nIn aggiunta ai diritti elencati alla presente Sezione della presente Informativa, l\u2019Utente avr\u00e0 il diritto, esercitabile in ogni momento, di:\r\n<ol>\r\n \t<li>chiedere ad AMA la limitazione del trattamento dei propri dati personali nel caso in cui:<\/li>\r\n<\/ol>\r\n<ul>\r\n \t<li>il Cliente contesti l\u2019esattezza dei propri dati personali, per il periodo necessario ad AMA per verificare l\u2019esattezza di tali dati;<\/li>\r\n \t<li>il trattamento sia illecito e il Cliente si opponga alla cancellazione dei propri dati personali e chieda invece che ne sia limitato l\u2019utilizzo;<\/li>\r\n \t<li>bench\u00e9 AMA non ne abbia pi\u00f9 bisogno ai fini del trattamento, i dati siano necessari al Cliente per l\u2019accertamento, l\u2019esercizio o la difesa di un diritto in sede giudiziaria; o<\/li>\r\n \t<li>il Cliente si sia opposto al trattamento ai sensi dell\u2019articolo 21, paragrafo 1, del Regolamento Privacy in attesa della verifica in merito all\u2019eventuale prevalenza dei motivi legittimi cogenti di AMA per continuare il trattamento.2. opporsi al trattamento dei propri dati personali;\r\n3. chiedere la cancellazione dei dati personali che lo riguardano senza ingiustificato ritardo;\r\n4. ricevere una copia in formato elettronico dei propri dati personali, laddove il Cliente voglia trasferire i dati personali che lo riguardano a s\u00e9 stesso o ad un diverso fornitore di servizi, nelle ipotesi in cui AMA effettui il trattamento dei dati personali sulla base del consenso del Cliente o sulla base della circostanza che il trattamento \u00e8 necessario per la fornitura dei Servizi ed i dati personali sono trattati attraverso strumenti automatizzati;\r\n5. proporre un reclamo al Garante per la Protezione dei Dati Personali.<\/li>\r\n<\/ul>\r\n&nbsp;\r\n<ol start=\"10\">\r\n \t<li><strong>MODIFICHE E AGGIORNAMENTI<\/strong><\/li>\r\n<\/ol>\r\nLa presente Informativa pu\u00f2 essere soggetta a modifiche ed integrazioni, anche quale conseguenza del l\u2019applicabilit\u00e0 del Regolamento Privacy e di eventuali successive modifiche e\/o integrazioni normative che saranno prontamente disponibili sul sito www.amaspa.com. Gli Utenti potranno visionare il testo dell\u2019Informativa costantemente aggiornata sul sito internet.","protected":false},"excerpt":{"rendered":"<p>INTRODUZIONE AMA SPA (\u00abd&#8217;ora in avanti semplicemente AMA\u00bb), con sede in Casale sul Sile, Via Torre,16 C.F. e P.I. 01971680267 che pu\u00f2 essere contattata via mail all\u2019indirizzo mail info@amaspa.com, tratter\u00e0 i dati personali forniti dal<\/p>\n","protected":false},"author":2,"featured_media":2164,"parent":0,"menu_order":7,"comment_status":"closed","ping_status":"closed","template":"","meta":{"_acf_changed":false,"footnotes":""},"acf":[],"yoast_head":"<!-- This site is optimized with the Yoast SEO plugin v22.1 - https:\/\/yoast.com\/wordpress\/plugins\/seo\/ -->\n<title>Informativa Privacy - AMA | Advanced Fluid Systems<\/title>\n<meta name=\"robots\" content=\"index, follow, max-snippet:-1, max-image-preview:large, max-video-preview:-1\" \/>\n<link rel=\"canonical\" href=\"https:\/\/www.amaspa.com\/it\/informativa-privacy\/\" \/>\n<meta property=\"og:locale\" content=\"it_IT\" \/>\n<meta property=\"og:type\" content=\"article\" \/>\n<meta property=\"og:title\" content=\"Informativa Privacy - AMA | Advanced Fluid Systems\" \/>\n<meta property=\"og:description\" content=\"INTRODUZIONE AMA SPA (\u00abd&#8217;ora in avanti semplicemente AMA\u00bb), con sede in Casale sul Sile, Via Torre,16 C.F. e P.I. 01971680267 che pu\u00f2 essere contattata via mail all\u2019indirizzo mail info@amaspa.com, tratter\u00e0 i dati personali forniti dal\" \/>\n<meta property=\"og:url\" content=\"https:\/\/www.amaspa.com\/it\/informativa-privacy\/\" \/>\n<meta property=\"og:site_name\" content=\"AMA | Advanced Fluid Systems\" \/>\n<meta property=\"article:modified_time\" content=\"2019-03-26T14:05:16+00:00\" \/>\n<meta property=\"og:image\" content=\"https:\/\/www.amaspa.com\/wp-content\/uploads\/2017\/02\/20181107_133734.jpg\" \/>\n\t<meta property=\"og:image:width\" content=\"4032\" \/>\n\t<meta property=\"og:image:height\" content=\"1960\" \/>\n\t<meta property=\"og:image:type\" content=\"image\/jpeg\" \/>\n<meta name=\"twitter:card\" content=\"summary_large_image\" \/>\n<meta name=\"twitter:label1\" content=\"Tempo di lettura stimato\" \/>\n\t<meta name=\"twitter:data1\" content=\"8 minuti\" \/>\n<script type=\"application\/ld+json\" class=\"yoast-schema-graph\">{\"@context\":\"https:\/\/schema.org\",\"@graph\":[{\"@type\":\"WebPage\",\"@id\":\"https:\/\/www.amaspa.com\/it\/informativa-privacy\/\",\"url\":\"https:\/\/www.amaspa.com\/it\/informativa-privacy\/\",\"name\":\"Informativa Privacy - AMA | Advanced Fluid Systems\",\"isPartOf\":{\"@id\":\"https:\/\/www.amaspa.com\/it\/#website\"},\"datePublished\":\"2019-03-26T14:03:42+00:00\",\"dateModified\":\"2019-03-26T14:05:16+00:00\",\"breadcrumb\":{\"@id\":\"https:\/\/www.amaspa.com\/it\/informativa-privacy\/#breadcrumb\"},\"inLanguage\":\"it-IT\",\"potentialAction\":[{\"@type\":\"ReadAction\",\"target\":[\"https:\/\/www.amaspa.com\/it\/informativa-privacy\/\"]}]},{\"@type\":\"BreadcrumbList\",\"@id\":\"https:\/\/www.amaspa.com\/it\/informativa-privacy\/#breadcrumb\",\"itemListElement\":[{\"@type\":\"ListItem\",\"position\":1,\"name\":\"Home\",\"item\":\"https:\/\/www.amaspa.com\/it\/\"},{\"@type\":\"ListItem\",\"position\":2,\"name\":\"Informativa Privacy\"}]},{\"@type\":\"WebSite\",\"@id\":\"https:\/\/www.amaspa.com\/it\/#website\",\"url\":\"https:\/\/www.amaspa.com\/it\/\",\"name\":\"AMA | Advanced Fluid Systems\",\"description\":\"Advanced Fluid Systems\",\"potentialAction\":[{\"@type\":\"SearchAction\",\"target\":{\"@type\":\"EntryPoint\",\"urlTemplate\":\"https:\/\/www.amaspa.com\/it\/?s={search_term_string}\"},\"query-input\":\"required name=search_term_string\"}],\"inLanguage\":\"it-IT\"}]}<\/script>\n<!-- \/ Yoast SEO plugin. -->","yoast_head_json":{"title":"Informativa Privacy - AMA | Advanced Fluid Systems","robots":{"index":"index","follow":"follow","max-snippet":"max-snippet:-1","max-image-preview":"max-image-preview:large","max-video-preview":"max-video-preview:-1"},"canonical":"https:\/\/www.amaspa.com\/it\/informativa-privacy\/","og_locale":"it_IT","og_type":"article","og_title":"Informativa Privacy - AMA | Advanced Fluid Systems","og_description":"INTRODUZIONE AMA SPA (\u00abd&#8217;ora in avanti semplicemente AMA\u00bb), con sede in Casale sul Sile, Via Torre,16 C.F. e P.I. 01971680267 che pu\u00f2 essere contattata via mail all\u2019indirizzo mail info@amaspa.com, tratter\u00e0 i dati personali forniti dal","og_url":"https:\/\/www.amaspa.com\/it\/informativa-privacy\/","og_site_name":"AMA | Advanced Fluid Systems","article_modified_time":"2019-03-26T14:05:16+00:00","og_image":[{"width":4032,"height":1960,"url":"https:\/\/www.amaspa.com\/wp-content\/uploads\/2017\/02\/20181107_133734.jpg","type":"image\/jpeg"}],"twitter_card":"summary_large_image","twitter_misc":{"Tempo di lettura stimato":"8 minuti"},"schema":{"@context":"https:\/\/schema.org","@graph":[{"@type":"WebPage","@id":"https:\/\/www.amaspa.com\/it\/informativa-privacy\/","url":"https:\/\/www.amaspa.com\/it\/informativa-privacy\/","name":"Informativa Privacy - AMA | Advanced Fluid Systems","isPartOf":{"@id":"https:\/\/www.amaspa.com\/it\/#website"},"datePublished":"2019-03-26T14:03:42+00:00","dateModified":"2019-03-26T14:05:16+00:00","breadcrumb":{"@id":"https:\/\/www.amaspa.com\/it\/informativa-privacy\/#breadcrumb"},"inLanguage":"it-IT","potentialAction":[{"@type":"ReadAction","target":["https:\/\/www.amaspa.com\/it\/informativa-privacy\/"]}]},{"@type":"BreadcrumbList","@id":"https:\/\/www.amaspa.com\/it\/informativa-privacy\/#breadcrumb","itemListElement":[{"@type":"ListItem","position":1,"name":"Home","item":"https:\/\/www.amaspa.com\/it\/"},{"@type":"ListItem","position":2,"name":"Informativa Privacy"}]},{"@type":"WebSite","@id":"https:\/\/www.amaspa.com\/it\/#website","url":"https:\/\/www.amaspa.com\/it\/","name":"AMA | Advanced Fluid Systems","description":"Advanced Fluid Systems","potentialAction":[{"@type":"SearchAction","target":{"@type":"EntryPoint","urlTemplate":"https:\/\/www.amaspa.com\/it\/?s={search_term_string}"},"query-input":"required name=search_term_string"}],"inLanguage":"it-IT"}]}},"_links":{"self":[{"href":"https:\/\/www.amaspa.com\/it\/wp-json\/wp\/v2\/pages\/2614"}],"collection":[{"href":"https:\/\/www.amaspa.com\/it\/wp-json\/wp\/v2\/pages"}],"about":[{"href":"https:\/\/www.amaspa.com\/it\/wp-json\/wp\/v2\/types\/page"}],"author":[{"embeddable":true,"href":"https:\/\/www.amaspa.com\/it\/wp-json\/wp\/v2\/users\/2"}],"replies":[{"embeddable":true,"href":"https:\/\/www.amaspa.com\/it\/wp-json\/wp\/v2\/comments?post=2614"}],"version-history":[{"count":1,"href":"https:\/\/www.amaspa.com\/it\/wp-json\/wp\/v2\/pages\/2614\/revisions"}],"predecessor-version":[{"id":2615,"href":"https:\/\/www.amaspa.com\/it\/wp-json\/wp\/v2\/pages\/2614\/revisions\/2615"}],"wp:featuredmedia":[{"embeddable":true,"href":"https:\/\/www.amaspa.com\/it\/wp-json\/wp\/v2\/media\/2164"}],"wp:attachment":[{"href":"https:\/\/www.amaspa.com\/it\/wp-json\/wp\/v2\/media?parent=2614"}],"curies":[{"name":"wp","href":"https:\/\/api.w.org\/{rel}","templated":true}]}}